{"id":25,"date":"2019-05-08T10:30:01","date_gmt":"2019-05-08T10:30:01","guid":{"rendered":"http:\/\/bluebirdcaye.gid8.net\/?page_id=25"},"modified":"2019-09-02T15:50:39","modified_gmt":"2019-09-02T15:50:39","slug":"projects","status":"publish","type":"page","link":"https:\/\/atc-holding.com\/fr\/projects\/","title":{"rendered":"Projects"},"content":{"rendered":"<div data-elementor-type=\"wp-post\" data-elementor-id=\"25\" class=\"elementor elementor-25\" data-elementor-settings=\"[]\">\n\t\t\t<div class=\"elementor-inner\">\n\t\t\t\t<div class=\"elementor-section-wrap\">\n\t\t\t\t\t\t\t<section class=\"elementor-element elementor-element-b70 elementor-section-full_width elementor-section-height-full elementor-section-items-stretch elementor-section-content-bottom elementor-section-height-default elementor-section elementor-top-section\" data-id=\"b70\" data-element_type=\"section\" data-settings=\"{&quot;background_background&quot;:&quot;classic&quot;}\">\n\t\t\t\t\t\t<div class=\"elementor-container elementor-column-gap-no\">\n\t\t\t\t<div class=\"elementor-row\">\n\t\t\t\t<div class=\"elementor-element elementor-element-79b3 elementor-column elementor-col-100 elementor-top-column\" data-id=\"79b3\" data-element_type=\"column\">\n\t\t\t<div class=\"elementor-column-wrap  elementor-element-populated\">\n\t\t\t\t\t<div class=\"elementor-widget-wrap\">\n\t\t\t\t<section class=\"elementor-element elementor-element-7b22 elementor-section-boxed elementor-section-height-default elementor-section-height-default elementor-section elementor-inner-section\" data-id=\"7b22\" data-element_type=\"section\" data-settings=\"{&quot;background_background&quot;:&quot;classic&quot;}\">\n\t\t\t\t\t\t<div class=\"elementor-container elementor-column-gap-default\">\n\t\t\t\t<div class=\"elementor-row\">\n\t\t\t\t<div class=\"elementor-element elementor-element-70ed elementor-column elementor-col-100 elementor-inner-column\" data-id=\"70ed\" data-element_type=\"column\">\n\t\t\t<div class=\"elementor-column-wrap  elementor-element-populated\">\n\t\t\t\t\t<div class=\"elementor-widget-wrap\">\n\t\t\t\t<div class=\"elementor-element elementor-element-4304 elementor-widget elementor-widget-text-editor\" data-id=\"4304\" data-element_type=\"widget\" data-widget_type=\"text-editor.default\">\n\t\t\t\t<div class=\"elementor-widget-container\">\n\t\t\t\t\t<div class=\"elementor-text-editor elementor-clearfix\"><p>Nos propri\u00e9t\u00e9s sont caract\u00e9ris\u00e9es par un emplacement attrayant, la construction de haute qualit\u00e9, des plans d'\u00e9tage modernes ainsi qu'un honn\u00eate et un int\u00e9rieur design esth\u00e9tique.<\/p><p>Que ce soit au sujet de la vente ou la location, nous poursuivons toujours un haut niveau de qualit\u00e9 pour tous les projets. Notre objectif est de fournir de premi\u00e8re classe des conseils professionnels et un service \u00e0 la client\u00e8le personnelle \u00e9quilibr\u00e9e.<\/p><\/div>\n\t\t\t\t<\/div>\n\t\t\t\t<\/div>\n\t\t\t\t\t\t<\/div>\n\t\t\t<\/div>\n\t\t<\/div>\n\t\t\t\t\t\t<\/div>\n\t\t\t<\/div>\n\t\t<\/section>\n\t\t\t\t\t\t<\/div>\n\t\t\t<\/div>\n\t\t<\/div>\n\t\t\t\t\t\t<\/div>\n\t\t\t<\/div>\n\t\t<\/section>\n\t\t\t\t\t\t<\/div>\n\t\t\t<\/div>\n\t\t<\/div>","protected":false},"excerpt":{"rendered":"<p>Our properties are characterized by an attractive location, high-quality construction, modern floor plans as well as an upstanding and aesthetic interior design. Whether it is about sales or rentals, we consistently pursue a high standard of quality for all projects. Our focus is on providing first-class professional advice and a balanced personal customer service.<\/p>","protected":false},"author":2,"featured_media":0,"parent":0,"menu_order":0,"comment_status":"closed","ping_status":"closed","template":"page-nav-transparent.php","meta":[],"_links":{"self":[{"href":"https:\/\/atc-holding.com\/fr\/wp-json\/wp\/v2\/pages\/25"}],"collection":[{"href":"https:\/\/atc-holding.com\/fr\/wp-json\/wp\/v2\/pages"}],"about":[{"href":"https:\/\/atc-holding.com\/fr\/wp-json\/wp\/v2\/types\/page"}],"author":[{"embeddable":true,"href":"https:\/\/atc-holding.com\/fr\/wp-json\/wp\/v2\/users\/2"}],"replies":[{"embeddable":true,"href":"https:\/\/atc-holding.com\/fr\/wp-json\/wp\/v2\/comments?post=25"}],"version-history":[{"count":2,"href":"https:\/\/atc-holding.com\/fr\/wp-json\/wp\/v2\/pages\/25\/revisions"}],"predecessor-version":[{"id":1005,"href":"https:\/\/atc-holding.com\/fr\/wp-json\/wp\/v2\/pages\/25\/revisions\/1005"}],"wp:attachment":[{"href":"https:\/\/atc-holding.com\/fr\/wp-json\/wp\/v2\/media?parent=25"}],"curies":[{"name":"wp","href":"https:\/\/api.w.org\/{rel}","templated":true}]}}