{"id":21,"date":"2019-05-08T06:43:50","date_gmt":"2019-05-08T06:43:50","guid":{"rendered":"http:\/\/bluebirdcaye.gid8.net\/?page_id=2"},"modified":"2019-09-02T19:37:19","modified_gmt":"2019-09-02T19:37:19","slug":"about-us","status":"publish","type":"page","link":"https:\/\/atc-holding.com\/it\/about-us\/","title":{"rendered":"About Us"},"content":{"rendered":"<div data-elementor-type=\"wp-post\" data-elementor-id=\"21\" class=\"elementor elementor-21\" data-elementor-settings=\"[]\">\n\t\t\t<div class=\"elementor-inner\">\n\t\t\t\t<div class=\"elementor-section-wrap\">\n\t\t\t\t\t\t\t<section class=\"elementor-element elementor-element-5d4f elementor-section-full_width elementor-section-height-full elementor-section-items-stretch elementor-section-content-bottom elementor-section-height-default elementor-section elementor-top-section\" data-id=\"5d4f\" data-element_type=\"section\" data-settings=\"{&quot;background_background&quot;:&quot;classic&quot;}\">\n\t\t\t\t\t\t<div class=\"elementor-container elementor-column-gap-no\">\n\t\t\t\t<div class=\"elementor-row\">\n\t\t\t\t<div class=\"elementor-element elementor-element-7bae elementor-column elementor-col-100 elementor-top-column\" data-id=\"7bae\" data-element_type=\"column\">\n\t\t\t<div class=\"elementor-column-wrap  elementor-element-populated\">\n\t\t\t\t\t<div class=\"elementor-widget-wrap\">\n\t\t\t\t<section class=\"elementor-element elementor-element-2c29 elementor-section-boxed elementor-section-height-default elementor-section-height-default elementor-section elementor-inner-section\" data-id=\"2c29\" data-element_type=\"section\" data-settings=\"{&quot;background_background&quot;:&quot;classic&quot;}\">\n\t\t\t\t\t\t<div class=\"elementor-container elementor-column-gap-default\">\n\t\t\t\t<div class=\"elementor-row\">\n\t\t\t\t<div class=\"elementor-element elementor-element-35b0 elementor-column elementor-col-100 elementor-inner-column\" data-id=\"35b0\" data-element_type=\"column\">\n\t\t\t<div class=\"elementor-column-wrap  elementor-element-populated\">\n\t\t\t\t\t<div class=\"elementor-widget-wrap\">\n\t\t\t\t<div class=\"elementor-element elementor-element-64f3 elementor-widget elementor-widget-text-editor\" data-id=\"64f3\" data-element_type=\"widget\" data-widget_type=\"text-editor.default\">\n\t\t\t\t<div class=\"elementor-widget-container\">\n\t\t\t\t\t<div class=\"elementor-text-editor elementor-clearfix\">atc holding ag gestisce propriet\u00e0 sofisticati. Inoltre, l'attenzione \u00e8 anche sullo sviluppo e la realizzazione di alta qualit\u00e0 nuovi edifici con l'architettura contemporanea creato da architetti di fama, nonch\u00e9 la ristrutturazione e l'ottimizzazione economica di sofisticati immobili residenziali in luoghi interessanti.<\/div>\n\t\t\t\t<\/div>\n\t\t\t\t<\/div>\n\t\t\t\t\t\t<\/div>\n\t\t\t<\/div>\n\t\t<\/div>\n\t\t\t\t\t\t<\/div>\n\t\t\t<\/div>\n\t\t<\/section>\n\t\t\t\t\t\t<\/div>\n\t\t\t<\/div>\n\t\t<\/div>\n\t\t\t\t\t\t<\/div>\n\t\t\t<\/div>\n\t\t<\/section>\n\t\t\t\t\t\t<\/div>\n\t\t\t<\/div>\n\t\t<\/div>","protected":false},"excerpt":{"rendered":"<p>atc holding ag gestisce propriet\u00e0 sofisticati. Inoltre, l'attenzione \u00e8 anche sullo sviluppo e la realizzazione di alta qualit\u00e0 nuovi edifici con l'architettura contemporanea creato da architetti di fama, nonch\u00e9 la ristrutturazione e l'ottimizzazione economica di sofisticati immobili residenziali in luoghi interessanti.<\/p>","protected":false},"author":2,"featured_media":0,"parent":0,"menu_order":0,"comment_status":"closed","ping_status":"closed","template":"page-nav-transparent.php","meta":[],"_links":{"self":[{"href":"https:\/\/atc-holding.com\/it\/wp-json\/wp\/v2\/pages\/21"}],"collection":[{"href":"https:\/\/atc-holding.com\/it\/wp-json\/wp\/v2\/pages"}],"about":[{"href":"https:\/\/atc-holding.com\/it\/wp-json\/wp\/v2\/types\/page"}],"author":[{"embeddable":true,"href":"https:\/\/atc-holding.com\/it\/wp-json\/wp\/v2\/users\/2"}],"replies":[{"embeddable":true,"href":"https:\/\/atc-holding.com\/it\/wp-json\/wp\/v2\/comments?post=21"}],"version-history":[{"count":3,"href":"https:\/\/atc-holding.com\/it\/wp-json\/wp\/v2\/pages\/21\/revisions"}],"predecessor-version":[{"id":1008,"href":"https:\/\/atc-holding.com\/it\/wp-json\/wp\/v2\/pages\/21\/revisions\/1008"}],"wp:attachment":[{"href":"https:\/\/atc-holding.com\/it\/wp-json\/wp\/v2\/media?parent=21"}],"curies":[{"name":"wp","href":"https:\/\/api.w.org\/{rel}","templated":true}]}}